{"id":2773,"date":"2024-06-01T15:02:02","date_gmt":"2024-06-01T15:02:02","guid":{"rendered":"https:\/\/urtec.ch\/?post_type=product&#038;p=2773"},"modified":"2024-06-14T13:35:19","modified_gmt":"2024-06-14T13:35:19","slug":"velum-air-xl-fur-warmetauscher-klimaanlage-und-kompressor","status":"publish","type":"product","link":"https:\/\/www.urtec.ch\/fr\/product\/velum-air-xl-fur-warmetauscher-klimaanlage-und-kompressor\/","title":{"rendered":"VELUM AIR XL pour l'\u00e9changeur de chaleur, la climatisation et le compresseur"},"content":{"rendered":"<p>Geeignet f\u00fcr W\u00e4rmetauscher, Klimaanlage und Kompressor<\/p>","protected":false},"excerpt":{"rendered":"<p>Geeignet f\u00fcr W\u00e4rmetauscher, Klimaanlage und Kompressor<\/p>","protected":false},"featured_media":2776,"template":"","meta":[],"product_brand":[],"product_cat":[37,38,39,40],"product_tag":[],"class_list":{"0":"post-2773","1":"product","2":"type-product","3":"status-publish","4":"has-post-thumbnail","6":"product_cat-klimaanlage","7":"product_cat-kompressor","8":"product_cat-velum","9":"product_cat-waermetauscher","11":"first","12":"instock","13":"taxable","14":"shipping-taxable","15":"purchasable","16":"product-type-variable"},"yoast_head":"<!-- This site is optimized with the Yoast SEO plugin v27.5 - https:\/\/yoast.com\/product\/yoast-seo-wordpress\/ -->\n<title>VELUM AIR XL f\u00fcr W\u00e4rmetauscher, Klimaanlage und Kompressor - URtec GmbH<\/title>\n<meta name=\"robots\" content=\"index, follow, max-snippet:-1, max-image-preview:large, max-video-preview:-1\" \/>\n<link rel=\"canonical\" href=\"https:\/\/www.urtec.ch\/fr\/product\/velum-air-xl-fur-warmetauscher-klimaanlage-und-kompressor\/\" \/>\n<meta property=\"og:locale\" content=\"fr_FR\" \/>\n<meta property=\"og:type\" content=\"article\" \/>\n<meta property=\"og:title\" content=\"VELUM AIR XL f\u00fcr W\u00e4rmetauscher, Klimaanlage und Kompressor - URtec GmbH\" \/>\n<meta property=\"og:description\" content=\"Geeignet f\u00fcr W\u00e4rmetauscher, Klimaanlage und Kompressor\" \/>\n<meta property=\"og:url\" content=\"https:\/\/www.urtec.ch\/fr\/product\/velum-air-xl-fur-warmetauscher-klimaanlage-und-kompressor\/\" \/>\n<meta property=\"og:site_name\" content=\"URtec GmbH\" \/>\n<meta property=\"article:modified_time\" content=\"2024-06-14T13:35:19+00:00\" \/>\n<meta property=\"og:image\" content=\"https:\/\/www.urtec.ch\/wp-content\/uploads\/2024\/06\/Velum-Air-XL.png\" \/>\n\t<meta property=\"og:image:width\" content=\"2560\" \/>\n\t<meta property=\"og:image:height\" content=\"2564\" \/>\n\t<meta property=\"og:image:type\" content=\"image\/png\" \/>\n<meta name=\"twitter:card\" content=\"summary_large_image\" \/>\n<meta name=\"twitter:label1\" content=\"Dur\u00e9e de lecture estim\u00e9e\" \/>\n\t<meta name=\"twitter:data1\" content=\"1 minute\" \/>\n<script type=\"application\/ld+json\" class=\"yoast-schema-graph\">{\"@context\":\"https:\\\/\\\/schema.org\",\"@graph\":[{\"@type\":\"WebPage\",\"@id\":\"https:\\\/\\\/www.urtec.ch\\\/product\\\/velum-air-xl-fur-warmetauscher-klimaanlage-und-kompressor\\\/\",\"url\":\"https:\\\/\\\/www.urtec.ch\\\/product\\\/velum-air-xl-fur-warmetauscher-klimaanlage-und-kompressor\\\/\",\"name\":\"VELUM AIR XL f\u00fcr W\u00e4rmetauscher, Klimaanlage und Kompressor - URtec GmbH\",\"isPartOf\":{\"@id\":\"https:\\\/\\\/www.urtec.ch\\\/#website\"},\"primaryImageOfPage\":{\"@id\":\"https:\\\/\\\/www.urtec.ch\\\/product\\\/velum-air-xl-fur-warmetauscher-klimaanlage-und-kompressor\\\/#primaryimage\"},\"image\":{\"@id\":\"https:\\\/\\\/www.urtec.ch\\\/product\\\/velum-air-xl-fur-warmetauscher-klimaanlage-und-kompressor\\\/#primaryimage\"},\"thumbnailUrl\":\"https:\\\/\\\/www.urtec.ch\\\/wp-content\\\/uploads\\\/2024\\\/06\\\/Velum-Air-XL.png\",\"datePublished\":\"2024-06-01T15:02:02+00:00\",\"dateModified\":\"2024-06-14T13:35:19+00:00\",\"breadcrumb\":{\"@id\":\"https:\\\/\\\/www.urtec.ch\\\/product\\\/velum-air-xl-fur-warmetauscher-klimaanlage-und-kompressor\\\/#breadcrumb\"},\"inLanguage\":\"fr-FR\",\"potentialAction\":[{\"@type\":\"ReadAction\",\"target\":[\"https:\\\/\\\/www.urtec.ch\\\/product\\\/velum-air-xl-fur-warmetauscher-klimaanlage-und-kompressor\\\/\"]}]},{\"@type\":\"ImageObject\",\"inLanguage\":\"fr-FR\",\"@id\":\"https:\\\/\\\/www.urtec.ch\\\/product\\\/velum-air-xl-fur-warmetauscher-klimaanlage-und-kompressor\\\/#primaryimage\",\"url\":\"https:\\\/\\\/www.urtec.ch\\\/wp-content\\\/uploads\\\/2024\\\/06\\\/Velum-Air-XL.png\",\"contentUrl\":\"https:\\\/\\\/www.urtec.ch\\\/wp-content\\\/uploads\\\/2024\\\/06\\\/Velum-Air-XL.png\",\"width\":2560,\"height\":2564},{\"@type\":\"BreadcrumbList\",\"@id\":\"https:\\\/\\\/www.urtec.ch\\\/product\\\/velum-air-xl-fur-warmetauscher-klimaanlage-und-kompressor\\\/#breadcrumb\",\"itemListElement\":[{\"@type\":\"ListItem\",\"position\":1,\"name\":\"Home\",\"item\":\"https:\\\/\\\/www.urtec.ch\\\/\"},{\"@type\":\"ListItem\",\"position\":2,\"name\":\"Shop\",\"item\":\"https:\\\/\\\/www.urtec.ch\\\/online-shop-urtec\\\/\"},{\"@type\":\"ListItem\",\"position\":3,\"name\":\"VELUM AIR XL f\u00fcr W\u00e4rmetauscher, Klimaanlage und Kompressor\"}]},{\"@type\":\"WebSite\",\"@id\":\"https:\\\/\\\/www.urtec.ch\\\/#website\",\"url\":\"https:\\\/\\\/www.urtec.ch\\\/\",\"name\":\"URtec GmbH\",\"description\":\"Alles rund um Ihre Werkzeugmaschine.\",\"publisher\":{\"@id\":\"https:\\\/\\\/www.urtec.ch\\\/#organization\"},\"potentialAction\":[{\"@type\":\"SearchAction\",\"target\":{\"@type\":\"EntryPoint\",\"urlTemplate\":\"https:\\\/\\\/www.urtec.ch\\\/?s={search_term_string}\"},\"query-input\":{\"@type\":\"PropertyValueSpecification\",\"valueRequired\":true,\"valueName\":\"search_term_string\"}}],\"inLanguage\":\"fr-FR\"},{\"@type\":\"Organization\",\"@id\":\"https:\\\/\\\/www.urtec.ch\\\/#organization\",\"name\":\"URtec GmbH\",\"url\":\"https:\\\/\\\/www.urtec.ch\\\/\",\"logo\":{\"@type\":\"ImageObject\",\"inLanguage\":\"fr-FR\",\"@id\":\"https:\\\/\\\/www.urtec.ch\\\/#\\\/schema\\\/logo\\\/image\\\/\",\"url\":\"https:\\\/\\\/www.urtec.ch\\\/wp-content\\\/uploads\\\/2024\\\/07\\\/cropped-cropped-Logo-URtec.png\",\"contentUrl\":\"https:\\\/\\\/www.urtec.ch\\\/wp-content\\\/uploads\\\/2024\\\/07\\\/cropped-cropped-Logo-URtec.png\",\"width\":672,\"height\":328,\"caption\":\"URtec GmbH\"},\"image\":{\"@id\":\"https:\\\/\\\/www.urtec.ch\\\/#\\\/schema\\\/logo\\\/image\\\/\"},\"sameAs\":[\"https:\\\/\\\/www.linkedin.com\\\/feed\\\/?trk=homepage-basic_sign-in-submit\",\"https:\\\/\\\/www.youtube.com\\\/channel\\\/UCC2-JzfwpZgKcFVoMBGOOtg\"]}]}<\/script>\n<!-- \/ Yoast SEO plugin. -->","yoast_head_json":{"title":"VELUM AIR XL f\u00fcr W\u00e4rmetauscher, Klimaanlage und Kompressor - URtec GmbH","robots":{"index":"index","follow":"follow","max-snippet":"max-snippet:-1","max-image-preview":"max-image-preview:large","max-video-preview":"max-video-preview:-1"},"canonical":"https:\/\/www.urtec.ch\/fr\/product\/velum-air-xl-fur-warmetauscher-klimaanlage-und-kompressor\/","og_locale":"fr_FR","og_type":"article","og_title":"VELUM AIR XL f\u00fcr W\u00e4rmetauscher, Klimaanlage und Kompressor - URtec GmbH","og_description":"Geeignet f\u00fcr W\u00e4rmetauscher, Klimaanlage und Kompressor","og_url":"https:\/\/www.urtec.ch\/fr\/product\/velum-air-xl-fur-warmetauscher-klimaanlage-und-kompressor\/","og_site_name":"URtec GmbH","article_modified_time":"2024-06-14T13:35:19+00:00","og_image":[{"width":2560,"height":2564,"url":"https:\/\/www.urtec.ch\/wp-content\/uploads\/2024\/06\/Velum-Air-XL.png","type":"image\/png"}],"twitter_card":"summary_large_image","twitter_misc":{"Dur\u00e9e de lecture estim\u00e9e":"1 minute"},"schema":{"@context":"https:\/\/schema.org","@graph":[{"@type":"WebPage","@id":"https:\/\/www.urtec.ch\/product\/velum-air-xl-fur-warmetauscher-klimaanlage-und-kompressor\/","url":"https:\/\/www.urtec.ch\/product\/velum-air-xl-fur-warmetauscher-klimaanlage-und-kompressor\/","name":"VELUM AIR XL f\u00fcr W\u00e4rmetauscher, Klimaanlage und Kompressor - URtec GmbH","isPartOf":{"@id":"https:\/\/www.urtec.ch\/#website"},"primaryImageOfPage":{"@id":"https:\/\/www.urtec.ch\/product\/velum-air-xl-fur-warmetauscher-klimaanlage-und-kompressor\/#primaryimage"},"image":{"@id":"https:\/\/www.urtec.ch\/product\/velum-air-xl-fur-warmetauscher-klimaanlage-und-kompressor\/#primaryimage"},"thumbnailUrl":"https:\/\/www.urtec.ch\/wp-content\/uploads\/2024\/06\/Velum-Air-XL.png","datePublished":"2024-06-01T15:02:02+00:00","dateModified":"2024-06-14T13:35:19+00:00","breadcrumb":{"@id":"https:\/\/www.urtec.ch\/product\/velum-air-xl-fur-warmetauscher-klimaanlage-und-kompressor\/#breadcrumb"},"inLanguage":"fr-FR","potentialAction":[{"@type":"ReadAction","target":["https:\/\/www.urtec.ch\/product\/velum-air-xl-fur-warmetauscher-klimaanlage-und-kompressor\/"]}]},{"@type":"ImageObject","inLanguage":"fr-FR","@id":"https:\/\/www.urtec.ch\/product\/velum-air-xl-fur-warmetauscher-klimaanlage-und-kompressor\/#primaryimage","url":"https:\/\/www.urtec.ch\/wp-content\/uploads\/2024\/06\/Velum-Air-XL.png","contentUrl":"https:\/\/www.urtec.ch\/wp-content\/uploads\/2024\/06\/Velum-Air-XL.png","width":2560,"height":2564},{"@type":"BreadcrumbList","@id":"https:\/\/www.urtec.ch\/product\/velum-air-xl-fur-warmetauscher-klimaanlage-und-kompressor\/#breadcrumb","itemListElement":[{"@type":"ListItem","position":1,"name":"Home","item":"https:\/\/www.urtec.ch\/"},{"@type":"ListItem","position":2,"name":"Shop","item":"https:\/\/www.urtec.ch\/online-shop-urtec\/"},{"@type":"ListItem","position":3,"name":"VELUM AIR XL f\u00fcr W\u00e4rmetauscher, Klimaanlage und Kompressor"}]},{"@type":"WebSite","@id":"https:\/\/www.urtec.ch\/#website","url":"https:\/\/www.urtec.ch\/","name":"URtec GmbH","description":"Alles rund um Ihre Werkzeugmaschine.","publisher":{"@id":"https:\/\/www.urtec.ch\/#organization"},"potentialAction":[{"@type":"SearchAction","target":{"@type":"EntryPoint","urlTemplate":"https:\/\/www.urtec.ch\/?s={search_term_string}"},"query-input":{"@type":"PropertyValueSpecification","valueRequired":true,"valueName":"search_term_string"}}],"inLanguage":"fr-FR"},{"@type":"Organization","@id":"https:\/\/www.urtec.ch\/#organization","name":"URtec GmbH","url":"https:\/\/www.urtec.ch\/","logo":{"@type":"ImageObject","inLanguage":"fr-FR","@id":"https:\/\/www.urtec.ch\/#\/schema\/logo\/image\/","url":"https:\/\/www.urtec.ch\/wp-content\/uploads\/2024\/07\/cropped-cropped-Logo-URtec.png","contentUrl":"https:\/\/www.urtec.ch\/wp-content\/uploads\/2024\/07\/cropped-cropped-Logo-URtec.png","width":672,"height":328,"caption":"URtec GmbH"},"image":{"@id":"https:\/\/www.urtec.ch\/#\/schema\/logo\/image\/"},"sameAs":["https:\/\/www.linkedin.com\/feed\/?trk=homepage-basic_sign-in-submit","https:\/\/www.youtube.com\/channel\/UCC2-JzfwpZgKcFVoMBGOOtg"]}]}},"jetpack_sharing_enabled":true,"_links":{"self":[{"href":"https:\/\/www.urtec.ch\/fr\/wp-json\/wp\/v2\/product\/2773","targetHints":{"allow":["GET"]}}],"collection":[{"href":"https:\/\/www.urtec.ch\/fr\/wp-json\/wp\/v2\/product"}],"about":[{"href":"https:\/\/www.urtec.ch\/fr\/wp-json\/wp\/v2\/types\/product"}],"wp:featuredmedia":[{"embeddable":true,"href":"https:\/\/www.urtec.ch\/fr\/wp-json\/wp\/v2\/media\/2776"}],"wp:attachment":[{"href":"https:\/\/www.urtec.ch\/fr\/wp-json\/wp\/v2\/media?parent=2773"}],"wp:term":[{"taxonomy":"product_brand","embeddable":true,"href":"https:\/\/www.urtec.ch\/fr\/wp-json\/wp\/v2\/product_brand?post=2773"},{"taxonomy":"product_cat","embeddable":true,"href":"https:\/\/www.urtec.ch\/fr\/wp-json\/wp\/v2\/product_cat?post=2773"},{"taxonomy":"product_tag","embeddable":true,"href":"https:\/\/www.urtec.ch\/fr\/wp-json\/wp\/v2\/product_tag?post=2773"}],"curies":[{"name":"wp","href":"https:\/\/api.w.org\/{rel}","templated":true}]}}